{"id":1725,"date":"2020-07-21T13:52:18","date_gmt":"2020-07-21T13:52:18","guid":{"rendered":"http:\/\/asyacc.com\/?page_id=1725"},"modified":"2026-04-02T08:15:25","modified_gmt":"2026-04-02T08:15:25","slug":"publications","status":"publish","type":"page","link":"https:\/\/asyacc.com\/TR\/publications\/","title":{"rendered":"Publications"},"content":{"rendered":"<p>[vc_row][vc_column][vc_column_text][vc_row][vc_column width=&#8221;1\/1&#8243;][vc_column_text]<strong><span class=\"has-inline-color has-very-dark-gray-color\"><a target=\"_blank\" href=\"https:\/\/asyacc.com\/TR\/wp-content\/uploads\/2023\/06\/Asya-CC-Tanitim.pdf\">Asya CC Tan\u0131t\u0131m\u0131<br \/><\/a><a target=\"_blank\" href=\"http:\/\/asyacc.com\/wp-content\/uploads\/2020\/08\/Annex-3-Terms-Conditions-of-Business.pdf\" target=\"_blank\" rel=\"noreferrer noopener\">\u0130\u015f \u015eartlar\u0131 ve Ko\u015fullar\u0131<\/a><br \/><\/span><\/strong><strong><span class=\"has-inline-color has-very-dark-gray-color\"><a target=\"_blank\" href=\"https:\/\/asyacc.com\/TR\/wp-content\/uploads\/2026\/04\/Uluslararasi-Gozetim-Kurulusu-Belgesi-2026.pdf\">TC Ticaret Bakanl\u0131\u011f\u0131 Yetki Belgemiz<\/a><br \/><\/span><\/strong><strong><span class=\"has-inline-color has-very-dark-gray-color\"><a target=\"_blank\" href=\"https:\/\/asyacc.com\/TR\/wp-content\/uploads\/2026\/04\/Deniz-Gozetim-Isletme-Yetki-Belgesi-2026.pdf\">TC Ula\u015ft\u0131rma &amp; Altyap\u0131 Bakanl\u0131\u011f\u0131 Yetki Belgemiz<\/a><br \/><\/span><\/strong><strong><span class=\"has-inline-color has-very-dark-gray-color\"><a target=\"_blank\" href=\"https:\/\/asyacc.com\/TR\/wp-content\/uploads\/2026\/04\/ISO-9001.pdf\">ISO 9001 Belgemiz<\/a><br \/><a target=\"_blank\" href=\"https:\/\/asyacc.com\/TR\/wp-content\/uploads\/2022\/01\/Asya-CC-Gafta-Certificate-2022.pdf\">Gafta \u00dcyelik Belgemiz<\/a><br \/><a target=\"_blank\" href=\"http:\/\/asyacc.com\/wp-content\/uploads\/2020\/07\/ICA-Membership-Asya-CC-2020.pdf\">ICA \u00dcyelik Belgemiz<\/a><br \/><a target=\"_blank\" href=\"https:\/\/asyacc.com\/TR\/wp-content\/uploads\/2024\/03\/Asya-CC-Fosfa-Membership-Certificate-2024.pdf\" target=\"_blank\" rel=\"noopener\">Fosfa \u00dcyelik Belgemiz<\/a><br \/><\/span><\/strong><strong><span class=\"has-inline-color has-very-dark-gray-color\"><a target=\"_blank\" href=\"https:\/\/asyacc.com\/wp-content\/uploads\/2021\/04\/Antioch-Global-Shipping-Services.pdf\">Antioch Global Denizcilik Hizmetleri Tan\u0131t\u0131m\u0131<\/a><\/span><\/strong><\/p>\r\n<p><br \/><\/p>\r\n<figure class=\"wp-block-gallery alignwide columns-3 is-cropped wp-block-gallery-1 is-layout-flex wp-block-gallery-is-layout-flex\">\r\n<ul class=\"blocks-gallery-grid\">\r\n<li class=\"blocks-gallery-item\">\r\n<figure><img loading=\"lazy\" decoding=\"async\" width=\"1024\" height=\"683\" class=\"wp-image-2049\" src=\"http:\/\/asyacc.com\/wp-content\/uploads\/2020\/08\/ODT_5966-1-1024x683.jpg\" alt=\"\" data-id=\"2049\" data-full-url=\"http:\/\/asyacc.com\/wp-content\/uploads\/2020\/08\/ODT_5966-1-scaled.jpg\" data-link=\"http:\/\/asyacc.com\/publications\/odt_5966-1\/\" srcset=\"https:\/\/asyacc.com\/TR\/wp-content\/uploads\/2020\/08\/ODT_5966-1-1024x683.jpg 1024w, https:\/\/asyacc.com\/TR\/wp-content\/uploads\/2020\/08\/ODT_5966-1-300x200.jpg 300w, https:\/\/asyacc.com\/TR\/wp-content\/uploads\/2020\/08\/ODT_5966-1-768x512.jpg 768w, https:\/\/asyacc.com\/TR\/wp-content\/uploads\/2020\/08\/ODT_5966-1-1536x1024.jpg 1536w, https:\/\/asyacc.com\/TR\/wp-content\/uploads\/2020\/08\/ODT_5966-1-2048x1365.jpg 2048w, https:\/\/asyacc.com\/TR\/wp-content\/uploads\/2020\/08\/ODT_5966-1-600x400.jpg 600w\" sizes=\"auto, (max-width: 1024px) 100vw, 1024px\" \/><\/figure>\r\n<\/li>\r\n<li class=\"blocks-gallery-item\">\r\n<figure><img loading=\"lazy\" decoding=\"async\" width=\"768\" height=\"1024\" class=\"wp-image-2048\" src=\"http:\/\/asyacc.com\/wp-content\/uploads\/2020\/08\/IMG-20200520-WA0037-1-768x1024.jpg\" alt=\"\" data-id=\"2048\" data-full-url=\"http:\/\/asyacc.com\/wp-content\/uploads\/2020\/08\/IMG-20200520-WA0037-1.jpg\" data-link=\"http:\/\/asyacc.com\/publications\/img-20200520-wa0037-1\/\" srcset=\"https:\/\/asyacc.com\/TR\/wp-content\/uploads\/2020\/08\/IMG-20200520-WA0037-1-768x1024.jpg 768w, https:\/\/asyacc.com\/TR\/wp-content\/uploads\/2020\/08\/IMG-20200520-WA0037-1-225x300.jpg 225w, https:\/\/asyacc.com\/TR\/wp-content\/uploads\/2020\/08\/IMG-20200520-WA0037-1-1152x1536.jpg 1152w, https:\/\/asyacc.com\/TR\/wp-content\/uploads\/2020\/08\/IMG-20200520-WA0037-1-600x800.jpg 600w, https:\/\/asyacc.com\/TR\/wp-content\/uploads\/2020\/08\/IMG-20200520-WA0037-1.jpg 1200w\" sizes=\"auto, (max-width: 768px) 100vw, 768px\" \/><\/figure>\r\n<\/li>\r\n<li class=\"blocks-gallery-item\">\r\n<figure><img loading=\"lazy\" decoding=\"async\" width=\"1024\" height=\"576\" class=\"wp-image-2043\" src=\"http:\/\/asyacc.com\/wp-content\/uploads\/2020\/08\/20200728_131239-1-1024x576.jpg\" alt=\"\" data-id=\"2043\" data-full-url=\"http:\/\/asyacc.com\/wp-content\/uploads\/2020\/08\/20200728_131239-1-scaled.jpg\" data-link=\"http:\/\/asyacc.com\/publications\/20200728_131239-1\/\" srcset=\"https:\/\/asyacc.com\/TR\/wp-content\/uploads\/2020\/08\/20200728_131239-1-1024x576.jpg 1024w, https:\/\/asyacc.com\/TR\/wp-content\/uploads\/2020\/08\/20200728_131239-1-300x169.jpg 300w, https:\/\/asyacc.com\/TR\/wp-content\/uploads\/2020\/08\/20200728_131239-1-768x432.jpg 768w, https:\/\/asyacc.com\/TR\/wp-content\/uploads\/2020\/08\/20200728_131239-1-1536x864.jpg 1536w, https:\/\/asyacc.com\/TR\/wp-content\/uploads\/2020\/08\/20200728_131239-1-2048x1152.jpg 2048w, https:\/\/asyacc.com\/TR\/wp-content\/uploads\/2020\/08\/20200728_131239-1-600x338.jpg 600w\" sizes=\"auto, (max-width: 1024px) 100vw, 1024px\" \/><\/figure>\r\n<\/li>\r\n<\/ul>\r\n<\/figure>\r\n<p>[\/vc_column_text][\/vc_column][\/vc_row][vc_row][vc_column][vc_gallery type=&#8221;image_grid&#8221; images=&#8221;1693,1696,2166,2179&#8243; title=&#8221;Some of Asya CC Memberships&#8221;][\/vc_column][\/vc_row]<\/p>","protected":false},"excerpt":{"rendered":"<p>[vc_row][vc_column][vc_column_text][vc_row][vc_column width=&#8221;1\/1&#8243;][vc_column_text]Asya CC Tan\u0131t\u0131m\u0131\u0130\u015f \u015eartlar\u0131 ve Ko\u015fullar\u0131TC Ticaret Bakanl\u0131\u011f\u0131 Yetki BelgemizTC Ula\u015ft\u0131rma &amp; Altyap\u0131 Bakanl\u0131\u011f\u0131 Yetki BelgemizISO 9001 BelgemizGafta \u00dcyelik BelgemizICA \u00dcyelik BelgemizFosfa \u00dcyelik BelgemizAntioch Global Denizcilik Hizmetleri Tan\u0131t\u0131m\u0131<\/p>\n","protected":false},"author":1,"featured_media":0,"parent":0,"menu_order":0,"comment_status":"closed","ping_status":"closed","template":"","meta":{"footnotes":"","_links_to":"","_links_to_target":""},"class_list":["post-1725","page","type-page","status-publish","hentry"],"_links":{"self":[{"href":"https:\/\/asyacc.com\/TR\/wp-json\/wp\/v2\/pages\/1725","targetHints":{"allow":["GET"]}}],"collection":[{"href":"https:\/\/asyacc.com\/TR\/wp-json\/wp\/v2\/pages"}],"about":[{"href":"https:\/\/asyacc.com\/TR\/wp-json\/wp\/v2\/types\/page"}],"author":[{"embeddable":true,"href":"https:\/\/asyacc.com\/TR\/wp-json\/wp\/v2\/users\/1"}],"replies":[{"embeddable":true,"href":"https:\/\/asyacc.com\/TR\/wp-json\/wp\/v2\/comments?post=1725"}],"version-history":[{"count":49,"href":"https:\/\/asyacc.com\/TR\/wp-json\/wp\/v2\/pages\/1725\/revisions"}],"predecessor-version":[{"id":2363,"href":"https:\/\/asyacc.com\/TR\/wp-json\/wp\/v2\/pages\/1725\/revisions\/2363"}],"wp:attachment":[{"href":"https:\/\/asyacc.com\/TR\/wp-json\/wp\/v2\/media?parent=1725"}],"curies":[{"name":"wp","href":"https:\/\/api.w.org\/{rel}","templated":true}]}}